{"id":1881,"date":"2023-04-17T19:07:53","date_gmt":"2023-04-17T17:07:53","guid":{"rendered":"https:\/\/www.cocitur.com\/?page_id=1881"},"modified":"2024-04-16T13:39:24","modified_gmt":"2024-04-16T11:39:24","slug":"pem","status":"publish","type":"page","link":"https:\/\/www.cocitur.com\/fr\/produits\/portes-4-chants\/pem\/","title":{"rendered":"PEM"},"content":{"rendered":"<p><div class=\"fusion-fullwidth fullwidth-box fusion-builder-row-1 fusion-flex-container has-pattern-background has-mask-background nonhundred-percent-fullwidth non-hundred-percent-height-scrolling\" style=\"--awb-border-radius-top-left:0px;--awb-border-radius-top-right:0px;--awb-border-radius-bottom-right:0px;--awb-border-radius-bottom-left:0px;--awb-padding-top:3px;--awb-padding-bottom:3px;--awb-margin-bottom:60px;--awb-background-color:var(--awb-custom_color_1);--awb-flex-wrap:wrap;\" ><div class=\"fusion-builder-row fusion-row fusion-flex-align-items-flex-start fusion-flex-content-wrap\" style=\"max-width:1248px;margin-left: calc(-4% \/ 2 );margin-right: calc(-4% \/ 2 );\"><div class=\"fusion-layout-column fusion_builder_column fusion-builder-column-0 fusion_builder_column_1_1 1_1 fusion-flex-column\" style=\"--awb-bg-size:cover;--awb-width-large:100%;--awb-margin-top-large:0px;--awb-spacing-right-large:1.92%;--awb-margin-bottom-large:0px;--awb-spacing-left-large:1.92%;--awb-width-medium:100%;--awb-order-medium:0;--awb-spacing-right-medium:1.92%;--awb-spacing-left-medium:1.92%;--awb-width-small:100%;--awb-order-small:0;--awb-spacing-right-small:1.92%;--awb-spacing-left-small:1.92%;\"><div class=\"fusion-column-wrapper fusion-column-has-shadow fusion-flex-justify-content-flex-start fusion-content-layout-column\"><\/div><\/div><\/div><\/div><div class=\"fusion-fullwidth fullwidth-box fusion-builder-row-2 fusion-flex-container has-pattern-background has-mask-background nonhundred-percent-fullwidth non-hundred-percent-height-scrolling\" style=\"--awb-border-radius-top-left:0px;--awb-border-radius-top-right:0px;--awb-border-radius-bottom-right:0px;--awb-border-radius-bottom-left:0px;--awb-margin-bottom:30px;--awb-flex-wrap:wrap;\" ><div class=\"fusion-builder-row fusion-row fusion-flex-align-items-flex-start fusion-flex-content-wrap\" style=\"max-width:1248px;margin-left: calc(-4% \/ 2 );margin-right: calc(-4% \/ 2 );\"><div class=\"fusion-layout-column fusion_builder_column fusion-builder-column-1 fusion_builder_column_1_1 1_1 fusion-flex-column\" style=\"--awb-bg-size:cover;--awb-width-large:100%;--awb-margin-top-large:0px;--awb-spacing-right-large:1.92%;--awb-margin-bottom-large:20px;--awb-spacing-left-large:1.92%;--awb-width-medium:100%;--awb-order-medium:0;--awb-spacing-right-medium:1.92%;--awb-spacing-left-medium:1.92%;--awb-width-small:100%;--awb-order-small:0;--awb-spacing-right-small:1.92%;--awb-spacing-left-small:1.92%;\"><div class=\"fusion-column-wrapper fusion-column-has-shadow fusion-flex-justify-content-flex-start fusion-content-layout-column\"><div class=\"fusion-text fusion-text-1\" id=\"productos-ficha-titulo\"><p><a href=\"https:\/\/www.cocitur.com\/fr\/produits\/\">Produits<\/a> \/ <a href=\"https:\/\/www.cocitur.com\/fr\/produits\/portes-4-chants\/\">Portes 4 CHANTS<\/a> \/ <span id=\"titulo-modelo\">PEM<\/span><\/p>\n<\/div><\/div><\/div><\/div><\/div><div class=\"fusion-fullwidth fullwidth-box fusion-builder-row-3 fusion-flex-container has-pattern-background has-mask-background nonhundred-percent-fullwidth non-hundred-percent-height-scrolling\" style=\"--awb-border-radius-top-left:0px;--awb-border-radius-top-right:0px;--awb-border-radius-bottom-right:0px;--awb-border-radius-bottom-left:0px;--awb-flex-wrap:wrap;\" ><div class=\"fusion-builder-row fusion-row fusion-flex-align-items-flex-start fusion-flex-content-wrap\" style=\"max-width:1248px;margin-left: calc(-4% \/ 2 );margin-right: calc(-4% \/ 2 );\"><div class=\"fusion-layout-column fusion_builder_column fusion-builder-column-2 fusion_builder_column_3_5 3_5 fusion-flex-column\" style=\"--awb-bg-size:cover;--awb-width-large:60%;--awb-margin-top-large:0px;--awb-spacing-right-large:3.2%;--awb-margin-bottom-large:20px;--awb-spacing-left-large:3.2%;--awb-width-medium:60%;--awb-order-medium:0;--awb-spacing-right-medium:3.2%;--awb-spacing-left-medium:3.2%;--awb-width-small:100%;--awb-order-small:0;--awb-spacing-right-small:1.92%;--awb-spacing-left-small:1.92%;\"><div class=\"fusion-column-wrapper fusion-column-has-shadow fusion-flex-justify-content-flex-start fusion-content-layout-column\"><div class=\"fusion-image-element \" style=\"--awb-caption-title-font-family:var(--h2_typography-font-family);--awb-caption-title-font-weight:var(--h2_typography-font-weight);--awb-caption-title-font-style:var(--h2_typography-font-style);--awb-caption-title-size:var(--h2_typography-font-size);--awb-caption-title-transform:var(--h2_typography-text-transform);--awb-caption-title-line-height:var(--h2_typography-line-height);--awb-caption-title-letter-spacing:var(--h2_typography-letter-spacing);\"><span class=\" fusion-imageframe imageframe-none imageframe-1 hover-type-none\"><img decoding=\"async\" width=\"800\" height=\"500\" title=\"canteadas-3-temporal\" src=\"https:\/\/www.cocitur.com\/wp-content\/uploads\/2023\/04\/canteadas-3-temporal.jpg\" alt class=\"img-responsive wp-image-1616\" srcset=\"https:\/\/www.cocitur.com\/wp-content\/uploads\/2023\/04\/canteadas-3-temporal-200x125.jpg 200w, https:\/\/www.cocitur.com\/wp-content\/uploads\/2023\/04\/canteadas-3-temporal-400x250.jpg 400w, https:\/\/www.cocitur.com\/wp-content\/uploads\/2023\/04\/canteadas-3-temporal-600x375.jpg 600w, https:\/\/www.cocitur.com\/wp-content\/uploads\/2023\/04\/canteadas-3-temporal.jpg 800w\" sizes=\"(max-width: 640px) 100vw, 800px\" \/><\/span><\/div><\/div><\/div><div class=\"fusion-layout-column fusion_builder_column fusion-builder-column-3 fusion_builder_column_2_5 2_5 fusion-flex-column\" style=\"--awb-bg-size:cover;--awb-width-large:40%;--awb-margin-top-large:0px;--awb-spacing-right-large:4.8%;--awb-margin-bottom-large:20px;--awb-spacing-left-large:4.8%;--awb-width-medium:40%;--awb-order-medium:0;--awb-spacing-right-medium:4.8%;--awb-spacing-left-medium:4.8%;--awb-width-small:100%;--awb-order-small:0;--awb-spacing-right-small:1.92%;--awb-spacing-left-small:1.92%;\"><div class=\"fusion-column-wrapper fusion-column-has-shadow fusion-flex-justify-content-flex-start fusion-content-layout-column\"><div class=\"fusion-text fusion-text-2\"><p>Panneau fabriqu\u00e9 en Europe avec un support en agglom\u00e9r\u00e9 recouvert d&rsquo;une couche interm\u00e9diaire de m\u00e9lamine press\u00e9e, plus le stratifi\u00e9 d\u00e9coratif en PET synth\u00e9tique sur la face ext\u00e9rieure, avec une finition super mate et un film de protection.<\/p>\n<p>La contre-face est en m\u00e9lamine dans le m\u00eame ton que le stratifi\u00e9 d\u00e9coratif et l&rsquo;ensemble est coll\u00e9 avec un adh\u00e9sif PUR (polyur\u00e9thane r\u00e9actif press\u00e9 \u00e0 froid).<\/p>\n<p>Ce mat\u00e9riau est antibact\u00e9rien, anti-traces de doigts, r\u00e9sistant \u00e0 l&rsquo;abrasion, aux rayures et soyeux au toucher.<\/p>\n<\/div><\/div><\/div><\/div><\/div><div class=\"fusion-fullwidth fullwidth-box fusion-builder-row-4 fusion-flex-container has-pattern-background has-mask-background nonhundred-percent-fullwidth non-hundred-percent-height-scrolling\" style=\"--awb-border-radius-top-left:0px;--awb-border-radius-top-right:0px;--awb-border-radius-bottom-right:0px;--awb-border-radius-bottom-left:0px;--awb-flex-wrap:wrap;\" ><div class=\"fusion-builder-row fusion-row fusion-flex-align-items-flex-start fusion-flex-content-wrap\" style=\"max-width:1248px;margin-left: calc(-4% \/ 2 );margin-right: calc(-4% \/ 2 );\"><div class=\"fusion-layout-column fusion_builder_column fusion-builder-column-4 fusion_builder_column_1_1 1_1 fusion-flex-column\" style=\"--awb-bg-size:cover;--awb-width-large:100%;--awb-margin-top-large:30px;--awb-spacing-right-large:1.92%;--awb-margin-bottom-large:20px;--awb-spacing-left-large:1.92%;--awb-width-medium:100%;--awb-order-medium:0;--awb-spacing-right-medium:1.92%;--awb-spacing-left-medium:1.92%;--awb-width-small:100%;--awb-order-small:0;--awb-spacing-right-small:1.92%;--awb-spacing-left-small:1.92%;\"><div class=\"fusion-column-wrapper fusion-column-has-shadow fusion-flex-justify-content-flex-start fusion-content-layout-column\"><div class=\"fusion-title title fusion-title-1 fusion-sep-none fusion-title-text fusion-title-size-two productos-colores-grupo-titulo\" style=\"--awb-sep-color:#bbbbbb;\"><h2 class=\"fusion-title-heading title-heading-left\" style=\"margin:0;\">Finitions<\/h2><\/div><\/div><\/div><div class=\"fusion-layout-column fusion_builder_column fusion-builder-column-5 fusion_builder_column_1_5 1_5 fusion-flex-column\" style=\"--awb-bg-size:cover;--awb-width-large:20%;--awb-margin-top-large:0px;--awb-spacing-right-large:9.6%;--awb-margin-bottom-large:20px;--awb-spacing-left-large:9.6%;--awb-width-medium:20%;--awb-order-medium:0;--awb-spacing-right-medium:9.6%;--awb-spacing-left-medium:9.6%;--awb-width-small:100%;--awb-order-small:0;--awb-spacing-right-small:1.92%;--awb-spacing-left-small:1.92%;\"><div class=\"fusion-column-wrapper fusion-column-has-shadow fusion-flex-justify-content-flex-start fusion-content-layout-column\"><div class=\"fusion-image-element \" style=\"text-align:center;--awb-caption-title-font-family:var(--h2_typography-font-family);--awb-caption-title-font-weight:var(--h2_typography-font-weight);--awb-caption-title-font-style:var(--h2_typography-font-style);--awb-caption-title-size:var(--h2_typography-font-size);--awb-caption-title-transform:var(--h2_typography-text-transform);--awb-caption-title-line-height:var(--h2_typography-line-height);--awb-caption-title-letter-spacing:var(--h2_typography-letter-spacing);\"><span class=\" fusion-imageframe imageframe-none imageframe-2 hover-type-none\" style=\"border:1px solid #999999;\"><a href=\"https:\/\/www.cocitur.com\/wp-content\/uploads\/2023\/04\/PEM-051-AGUAMARINA-URBAN.jpg\" class=\"fusion-lightbox\" data-rel=\"iLightbox[colores_polilaminadas_brillo]\" data-title=\"PEM-051-AGUAMARINA-URBAN\" title=\"PEM-051-AGUAMARINA-URBAN\"><img decoding=\"async\" width=\"400\" height=\"400\" src=\"https:\/\/www.cocitur.com\/wp-content\/uploads\/2023\/04\/PEM-051-AGUAMARINA-URBAN.jpg\" alt class=\"img-responsive wp-image-1760\" srcset=\"https:\/\/www.cocitur.com\/wp-content\/uploads\/2023\/04\/PEM-051-AGUAMARINA-URBAN-200x200.jpg 200w, https:\/\/www.cocitur.com\/wp-content\/uploads\/2023\/04\/PEM-051-AGUAMARINA-URBAN.jpg 400w\" sizes=\"(max-width: 640px) 100vw, 200px\" \/><\/a><\/span><\/div><div class=\"fusion-text fusion-text-3 productos-colores-titulo\"><p>Agua Marina Urban<\/p>\n<\/div><\/div><\/div><div class=\"fusion-layout-column fusion_builder_column fusion-builder-column-6 fusion_builder_column_1_5 1_5 fusion-flex-column\" style=\"--awb-bg-size:cover;--awb-width-large:20%;--awb-margin-top-large:0px;--awb-spacing-right-large:9.6%;--awb-margin-bottom-large:20px;--awb-spacing-left-large:9.6%;--awb-width-medium:20%;--awb-order-medium:0;--awb-spacing-right-medium:9.6%;--awb-spacing-left-medium:9.6%;--awb-width-small:100%;--awb-order-small:0;--awb-spacing-right-small:1.92%;--awb-spacing-left-small:1.92%;\"><div class=\"fusion-column-wrapper fusion-column-has-shadow fusion-flex-justify-content-flex-start fusion-content-layout-column\"><div class=\"fusion-image-element \" style=\"text-align:center;--awb-caption-title-font-family:var(--h2_typography-font-family);--awb-caption-title-font-weight:var(--h2_typography-font-weight);--awb-caption-title-font-style:var(--h2_typography-font-style);--awb-caption-title-size:var(--h2_typography-font-size);--awb-caption-title-transform:var(--h2_typography-text-transform);--awb-caption-title-line-height:var(--h2_typography-line-height);--awb-caption-title-letter-spacing:var(--h2_typography-letter-spacing);\"><span class=\" fusion-imageframe imageframe-none imageframe-3 hover-type-none\" style=\"border:1px solid #999999;\"><a href=\"https:\/\/www.cocitur.com\/wp-content\/uploads\/2023\/04\/PEM-060-BLANCO-FINLANDIA.jpg\" class=\"fusion-lightbox\" data-rel=\"iLightbox[colores_polilaminadas_brillo]\" data-title=\"PEM-060-BLANCO-FINLANDIA\" title=\"PEM-060-BLANCO-FINLANDIA\"><img decoding=\"async\" width=\"400\" height=\"400\" src=\"https:\/\/www.cocitur.com\/wp-content\/uploads\/2023\/04\/PEM-060-BLANCO-FINLANDIA.jpg\" alt class=\"img-responsive wp-image-1765\" srcset=\"https:\/\/www.cocitur.com\/wp-content\/uploads\/2023\/04\/PEM-060-BLANCO-FINLANDIA-200x200.jpg 200w, https:\/\/www.cocitur.com\/wp-content\/uploads\/2023\/04\/PEM-060-BLANCO-FINLANDIA.jpg 400w\" sizes=\"(max-width: 640px) 100vw, 200px\" \/><\/a><\/span><\/div><div class=\"fusion-text fusion-text-4 productos-colores-titulo\"><p>Blanco Finlandia<\/p>\n<\/div><\/div><\/div><div class=\"fusion-layout-column fusion_builder_column fusion-builder-column-7 fusion_builder_column_1_5 1_5 fusion-flex-column\" style=\"--awb-bg-size:cover;--awb-width-large:20%;--awb-margin-top-large:0px;--awb-spacing-right-large:9.6%;--awb-margin-bottom-large:20px;--awb-spacing-left-large:9.6%;--awb-width-medium:20%;--awb-order-medium:0;--awb-spacing-right-medium:9.6%;--awb-spacing-left-medium:9.6%;--awb-width-small:100%;--awb-order-small:0;--awb-spacing-right-small:1.92%;--awb-spacing-left-small:1.92%;\"><div class=\"fusion-column-wrapper fusion-column-has-shadow fusion-flex-justify-content-flex-start fusion-content-layout-column\"><div class=\"fusion-image-element \" style=\"text-align:center;--awb-caption-title-font-family:var(--h2_typography-font-family);--awb-caption-title-font-weight:var(--h2_typography-font-weight);--awb-caption-title-font-style:var(--h2_typography-font-style);--awb-caption-title-size:var(--h2_typography-font-size);--awb-caption-title-transform:var(--h2_typography-text-transform);--awb-caption-title-line-height:var(--h2_typography-line-height);--awb-caption-title-letter-spacing:var(--h2_typography-letter-spacing);\"><span class=\" fusion-imageframe imageframe-none imageframe-4 hover-type-none\" style=\"border:1px solid #999999;\"><a href=\"https:\/\/www.cocitur.com\/wp-content\/uploads\/2023\/04\/PEM-055-CACAO.jpg\" class=\"fusion-lightbox\" data-rel=\"iLightbox[colores_polilaminadas_brillo]\" data-title=\"PEM-055-CACAO\" title=\"PEM-055-CACAO\"><img decoding=\"async\" width=\"400\" height=\"400\" src=\"https:\/\/www.cocitur.com\/wp-content\/uploads\/2023\/04\/PEM-055-CACAO.jpg\" alt class=\"img-responsive wp-image-1761\" srcset=\"https:\/\/www.cocitur.com\/wp-content\/uploads\/2023\/04\/PEM-055-CACAO-200x200.jpg 200w, https:\/\/www.cocitur.com\/wp-content\/uploads\/2023\/04\/PEM-055-CACAO.jpg 400w\" sizes=\"(max-width: 640px) 100vw, 200px\" \/><\/a><\/span><\/div><div class=\"fusion-text fusion-text-5 productos-colores-titulo\"><p>Cacao<\/p>\n<\/div><\/div><\/div><div class=\"fusion-layout-column fusion_builder_column fusion-builder-column-8 fusion_builder_column_1_5 1_5 fusion-flex-column\" style=\"--awb-bg-size:cover;--awb-width-large:20%;--awb-margin-top-large:0px;--awb-spacing-right-large:9.6%;--awb-margin-bottom-large:20px;--awb-spacing-left-large:9.6%;--awb-width-medium:20%;--awb-order-medium:0;--awb-spacing-right-medium:9.6%;--awb-spacing-left-medium:9.6%;--awb-width-small:100%;--awb-order-small:0;--awb-spacing-right-small:1.92%;--awb-spacing-left-small:1.92%;\"><div class=\"fusion-column-wrapper fusion-column-has-shadow fusion-flex-justify-content-flex-start fusion-content-layout-column\"><div class=\"fusion-image-element \" style=\"text-align:center;--awb-caption-title-font-family:var(--h2_typography-font-family);--awb-caption-title-font-weight:var(--h2_typography-font-weight);--awb-caption-title-font-style:var(--h2_typography-font-style);--awb-caption-title-size:var(--h2_typography-font-size);--awb-caption-title-transform:var(--h2_typography-text-transform);--awb-caption-title-line-height:var(--h2_typography-line-height);--awb-caption-title-letter-spacing:var(--h2_typography-letter-spacing);\"><span class=\" fusion-imageframe imageframe-none imageframe-5 hover-type-none\" style=\"border:1px solid #999999;\"><a href=\"https:\/\/www.cocitur.com\/wp-content\/uploads\/2023\/04\/PEM-058-CAFE-LATTE.jpg\" class=\"fusion-lightbox\" data-rel=\"iLightbox[colores_polilaminadas_brillo]\" data-title=\"PEM-058-CAFE-LATTE\" title=\"PEM-058-CAFE-LATTE\"><img decoding=\"async\" width=\"400\" height=\"400\" src=\"https:\/\/www.cocitur.com\/wp-content\/uploads\/2023\/04\/PEM-058-CAFE-LATTE.jpg\" alt class=\"img-responsive wp-image-1764\" srcset=\"https:\/\/www.cocitur.com\/wp-content\/uploads\/2023\/04\/PEM-058-CAFE-LATTE-200x200.jpg 200w, https:\/\/www.cocitur.com\/wp-content\/uploads\/2023\/04\/PEM-058-CAFE-LATTE.jpg 400w\" sizes=\"(max-width: 640px) 100vw, 200px\" \/><\/a><\/span><\/div><div class=\"fusion-text fusion-text-6 productos-colores-titulo\"><p>Caf\u00e9 Latte<\/p>\n<\/div><\/div><\/div><div class=\"fusion-layout-column fusion_builder_column fusion-builder-column-9 fusion_builder_column_1_5 1_5 fusion-flex-column\" style=\"--awb-bg-size:cover;--awb-width-large:20%;--awb-margin-top-large:0px;--awb-spacing-right-large:9.6%;--awb-margin-bottom-large:20px;--awb-spacing-left-large:9.6%;--awb-width-medium:20%;--awb-order-medium:0;--awb-spacing-right-medium:9.6%;--awb-spacing-left-medium:9.6%;--awb-width-small:100%;--awb-order-small:0;--awb-spacing-right-small:1.92%;--awb-spacing-left-small:1.92%;\"><div class=\"fusion-column-wrapper fusion-column-has-shadow fusion-flex-justify-content-flex-start fusion-content-layout-column\"><div class=\"fusion-image-element \" style=\"text-align:center;--awb-caption-title-font-family:var(--h2_typography-font-family);--awb-caption-title-font-weight:var(--h2_typography-font-weight);--awb-caption-title-font-style:var(--h2_typography-font-style);--awb-caption-title-size:var(--h2_typography-font-size);--awb-caption-title-transform:var(--h2_typography-text-transform);--awb-caption-title-line-height:var(--h2_typography-line-height);--awb-caption-title-letter-spacing:var(--h2_typography-letter-spacing);\"><span class=\" fusion-imageframe imageframe-none imageframe-6 hover-type-none\" style=\"border:1px solid #999999;\"><a href=\"https:\/\/www.cocitur.com\/wp-content\/uploads\/2023\/04\/PEM-061-CAPUCHINO.jpg\" class=\"fusion-lightbox\" data-rel=\"iLightbox[colores_polilaminadas_brillo]\" data-title=\"PEM-061-CAPUCHINO\" title=\"PEM-061-CAPUCHINO\"><img decoding=\"async\" width=\"400\" height=\"400\" src=\"https:\/\/www.cocitur.com\/wp-content\/uploads\/2023\/04\/PEM-061-CAPUCHINO.jpg\" alt class=\"img-responsive wp-image-1766\" srcset=\"https:\/\/www.cocitur.com\/wp-content\/uploads\/2023\/04\/PEM-061-CAPUCHINO-200x200.jpg 200w, https:\/\/www.cocitur.com\/wp-content\/uploads\/2023\/04\/PEM-061-CAPUCHINO.jpg 400w\" sizes=\"(max-width: 640px) 100vw, 200px\" \/><\/a><\/span><\/div><div class=\"fusion-text fusion-text-7 productos-colores-titulo\"><p>Capuchino<\/p>\n<\/div><\/div><\/div><div class=\"fusion-layout-column fusion_builder_column fusion-builder-column-10 fusion_builder_column_1_5 1_5 fusion-flex-column\" style=\"--awb-bg-size:cover;--awb-width-large:20%;--awb-margin-top-large:0px;--awb-spacing-right-large:9.6%;--awb-margin-bottom-large:20px;--awb-spacing-left-large:9.6%;--awb-width-medium:20%;--awb-order-medium:0;--awb-spacing-right-medium:9.6%;--awb-spacing-left-medium:9.6%;--awb-width-small:100%;--awb-order-small:0;--awb-spacing-right-small:1.92%;--awb-spacing-left-small:1.92%;\"><div class=\"fusion-column-wrapper fusion-column-has-shadow fusion-flex-justify-content-flex-start fusion-content-layout-column\"><div class=\"fusion-image-element \" style=\"text-align:center;--awb-caption-title-font-family:var(--h2_typography-font-family);--awb-caption-title-font-weight:var(--h2_typography-font-weight);--awb-caption-title-font-style:var(--h2_typography-font-style);--awb-caption-title-size:var(--h2_typography-font-size);--awb-caption-title-transform:var(--h2_typography-text-transform);--awb-caption-title-line-height:var(--h2_typography-line-height);--awb-caption-title-letter-spacing:var(--h2_typography-letter-spacing);\"><span class=\" fusion-imageframe imageframe-none imageframe-7 hover-type-none\" style=\"border:1px solid #999999;\"><a href=\"https:\/\/www.cocitur.com\/wp-content\/uploads\/2023\/04\/PEM-056-CENIZA.jpg\" class=\"fusion-lightbox\" data-rel=\"iLightbox[colores_polilaminadas_brillo]\" data-title=\"PEM-056-CENIZA\" title=\"PEM-056-CENIZA\"><img decoding=\"async\" width=\"400\" height=\"400\" src=\"https:\/\/www.cocitur.com\/wp-content\/uploads\/2023\/04\/PEM-056-CENIZA.jpg\" alt class=\"img-responsive wp-image-1762\" srcset=\"https:\/\/www.cocitur.com\/wp-content\/uploads\/2023\/04\/PEM-056-CENIZA-200x200.jpg 200w, https:\/\/www.cocitur.com\/wp-content\/uploads\/2023\/04\/PEM-056-CENIZA.jpg 400w\" sizes=\"(max-width: 640px) 100vw, 200px\" \/><\/a><\/span><\/div><div class=\"fusion-text fusion-text-8 productos-colores-titulo\"><p>Ceniza<\/p>\n<\/div><\/div><\/div><div class=\"fusion-layout-column fusion_builder_column fusion-builder-column-11 fusion_builder_column_1_5 1_5 fusion-flex-column\" style=\"--awb-bg-size:cover;--awb-width-large:20%;--awb-margin-top-large:0px;--awb-spacing-right-large:9.6%;--awb-margin-bottom-large:20px;--awb-spacing-left-large:9.6%;--awb-width-medium:20%;--awb-order-medium:0;--awb-spacing-right-medium:9.6%;--awb-spacing-left-medium:9.6%;--awb-width-small:100%;--awb-order-small:0;--awb-spacing-right-small:1.92%;--awb-spacing-left-small:1.92%;\"><div class=\"fusion-column-wrapper fusion-column-has-shadow fusion-flex-justify-content-flex-start fusion-content-layout-column\"><div class=\"fusion-image-element \" style=\"text-align:center;--awb-caption-title-font-family:var(--h2_typography-font-family);--awb-caption-title-font-weight:var(--h2_typography-font-weight);--awb-caption-title-font-style:var(--h2_typography-font-style);--awb-caption-title-size:var(--h2_typography-font-size);--awb-caption-title-transform:var(--h2_typography-text-transform);--awb-caption-title-line-height:var(--h2_typography-line-height);--awb-caption-title-letter-spacing:var(--h2_typography-letter-spacing);\"><span class=\" fusion-imageframe imageframe-none imageframe-8 hover-type-none\" style=\"border:1px solid #999999;\"><a href=\"https:\/\/www.cocitur.com\/wp-content\/uploads\/2023\/04\/PEM-057-GRIS-OSCURO.jpg\" class=\"fusion-lightbox\" data-rel=\"iLightbox[colores_polilaminadas_brillo]\" data-title=\"PEM-057-GRIS-OSCURO\" title=\"PEM-057-GRIS-OSCURO\"><img decoding=\"async\" width=\"400\" height=\"400\" src=\"https:\/\/www.cocitur.com\/wp-content\/uploads\/2023\/04\/PEM-057-GRIS-OSCURO.jpg\" alt class=\"img-responsive wp-image-1763\" srcset=\"https:\/\/www.cocitur.com\/wp-content\/uploads\/2023\/04\/PEM-057-GRIS-OSCURO-200x200.jpg 200w, https:\/\/www.cocitur.com\/wp-content\/uploads\/2023\/04\/PEM-057-GRIS-OSCURO.jpg 400w\" sizes=\"(max-width: 640px) 100vw, 200px\" \/><\/a><\/span><\/div><div class=\"fusion-text fusion-text-9 productos-colores-titulo\"><p>Gris Oscuro<\/p>\n<\/div><\/div><\/div><div class=\"fusion-layout-column fusion_builder_column fusion-builder-column-12 fusion_builder_column_1_5 1_5 fusion-flex-column\" style=\"--awb-bg-size:cover;--awb-width-large:20%;--awb-margin-top-large:0px;--awb-spacing-right-large:9.6%;--awb-margin-bottom-large:20px;--awb-spacing-left-large:9.6%;--awb-width-medium:20%;--awb-order-medium:0;--awb-spacing-right-medium:9.6%;--awb-spacing-left-medium:9.6%;--awb-width-small:100%;--awb-order-small:0;--awb-spacing-right-small:1.92%;--awb-spacing-left-small:1.92%;\"><div class=\"fusion-column-wrapper fusion-column-has-shadow fusion-flex-justify-content-flex-start fusion-content-layout-column\"><div class=\"fusion-image-element \" style=\"text-align:center;--awb-caption-title-font-family:var(--h2_typography-font-family);--awb-caption-title-font-weight:var(--h2_typography-font-weight);--awb-caption-title-font-style:var(--h2_typography-font-style);--awb-caption-title-size:var(--h2_typography-font-size);--awb-caption-title-transform:var(--h2_typography-text-transform);--awb-caption-title-line-height:var(--h2_typography-line-height);--awb-caption-title-letter-spacing:var(--h2_typography-letter-spacing);\"><span class=\" fusion-imageframe imageframe-none imageframe-9 hover-type-none\" style=\"border:1px solid #999999;\"><a href=\"https:\/\/www.cocitur.com\/wp-content\/uploads\/2023\/04\/PEM-064-NEGRO-MADAGASCAR.jpg\" class=\"fusion-lightbox\" data-rel=\"iLightbox[colores_polilaminadas_brillo]\" data-title=\"PEM-064-NEGRO-MADAGASCAR\" title=\"PEM-064-NEGRO-MADAGASCAR\"><img decoding=\"async\" width=\"400\" height=\"400\" src=\"https:\/\/www.cocitur.com\/wp-content\/uploads\/2023\/04\/PEM-064-NEGRO-MADAGASCAR.jpg\" alt class=\"img-responsive wp-image-1767\" srcset=\"https:\/\/www.cocitur.com\/wp-content\/uploads\/2023\/04\/PEM-064-NEGRO-MADAGASCAR-200x200.jpg 200w, https:\/\/www.cocitur.com\/wp-content\/uploads\/2023\/04\/PEM-064-NEGRO-MADAGASCAR.jpg 400w\" sizes=\"(max-width: 640px) 100vw, 200px\" \/><\/a><\/span><\/div><div class=\"fusion-text fusion-text-10 productos-colores-titulo\"><p>Negro Madagascar<\/p>\n<\/div><\/div><\/div><\/div><\/div><\/p>\n","protected":false},"excerpt":{"rendered":"","protected":false},"author":3,"featured_media":0,"parent":1863,"menu_order":0,"comment_status":"closed","ping_status":"closed","template":"100-width.php","meta":{"footnotes":""},"class_list":["post-1881","page","type-page","status-publish","hentry"],"_links":{"self":[{"href":"https:\/\/www.cocitur.com\/fr\/wp-json\/wp\/v2\/pages\/1881","targetHints":{"allow":["GET"]}}],"collection":[{"href":"https:\/\/www.cocitur.com\/fr\/wp-json\/wp\/v2\/pages"}],"about":[{"href":"https:\/\/www.cocitur.com\/fr\/wp-json\/wp\/v2\/types\/page"}],"author":[{"embeddable":true,"href":"https:\/\/www.cocitur.com\/fr\/wp-json\/wp\/v2\/users\/3"}],"replies":[{"embeddable":true,"href":"https:\/\/www.cocitur.com\/fr\/wp-json\/wp\/v2\/comments?post=1881"}],"version-history":[{"count":2,"href":"https:\/\/www.cocitur.com\/fr\/wp-json\/wp\/v2\/pages\/1881\/revisions"}],"predecessor-version":[{"id":1883,"href":"https:\/\/www.cocitur.com\/fr\/wp-json\/wp\/v2\/pages\/1881\/revisions\/1883"}],"up":[{"embeddable":true,"href":"https:\/\/www.cocitur.com\/fr\/wp-json\/wp\/v2\/pages\/1863"}],"wp:attachment":[{"href":"https:\/\/www.cocitur.com\/fr\/wp-json\/wp\/v2\/media?parent=1881"}],"curies":[{"name":"wp","href":"https:\/\/api.w.org\/{rel}","templated":true}]}}