{"id":1879,"date":"2023-04-17T19:03:09","date_gmt":"2023-04-17T17:03:09","guid":{"rendered":"https:\/\/www.cocitur.com\/?page_id=1879"},"modified":"2024-04-16T13:34:29","modified_gmt":"2024-04-16T11:34:29","slug":"stratifie-anti-traces-de-doigts","status":"publish","type":"page","link":"https:\/\/www.cocitur.com\/fr\/produits\/portes-4-chants\/stratifie-anti-traces-de-doigts\/","title":{"rendered":"Stratifi\u00e9 anti-traces de doigts"},"content":{"rendered":"<p><div class=\"fusion-fullwidth fullwidth-box fusion-builder-row-1 fusion-flex-container has-pattern-background has-mask-background nonhundred-percent-fullwidth non-hundred-percent-height-scrolling\" style=\"--awb-border-radius-top-left:0px;--awb-border-radius-top-right:0px;--awb-border-radius-bottom-right:0px;--awb-border-radius-bottom-left:0px;--awb-padding-top:3px;--awb-padding-bottom:3px;--awb-margin-bottom:60px;--awb-background-color:var(--awb-custom_color_1);--awb-flex-wrap:wrap;\" ><div class=\"fusion-builder-row fusion-row fusion-flex-align-items-flex-start fusion-flex-content-wrap\" style=\"max-width:1248px;margin-left: calc(-4% \/ 2 );margin-right: calc(-4% \/ 2 );\"><div class=\"fusion-layout-column fusion_builder_column fusion-builder-column-0 fusion_builder_column_1_1 1_1 fusion-flex-column\" style=\"--awb-bg-size:cover;--awb-width-large:100%;--awb-margin-top-large:0px;--awb-spacing-right-large:1.92%;--awb-margin-bottom-large:0px;--awb-spacing-left-large:1.92%;--awb-width-medium:100%;--awb-order-medium:0;--awb-spacing-right-medium:1.92%;--awb-spacing-left-medium:1.92%;--awb-width-small:100%;--awb-order-small:0;--awb-spacing-right-small:1.92%;--awb-spacing-left-small:1.92%;\"><div class=\"fusion-column-wrapper fusion-column-has-shadow fusion-flex-justify-content-flex-start fusion-content-layout-column\"><\/div><\/div><\/div><\/div><div class=\"fusion-fullwidth fullwidth-box fusion-builder-row-2 fusion-flex-container has-pattern-background has-mask-background nonhundred-percent-fullwidth non-hundred-percent-height-scrolling\" style=\"--awb-border-radius-top-left:0px;--awb-border-radius-top-right:0px;--awb-border-radius-bottom-right:0px;--awb-border-radius-bottom-left:0px;--awb-margin-bottom:30px;--awb-flex-wrap:wrap;\" ><div class=\"fusion-builder-row fusion-row fusion-flex-align-items-flex-start fusion-flex-content-wrap\" style=\"max-width:1248px;margin-left: calc(-4% \/ 2 );margin-right: calc(-4% \/ 2 );\"><div class=\"fusion-layout-column fusion_builder_column fusion-builder-column-1 fusion_builder_column_1_1 1_1 fusion-flex-column\" style=\"--awb-bg-size:cover;--awb-width-large:100%;--awb-margin-top-large:0px;--awb-spacing-right-large:1.92%;--awb-margin-bottom-large:20px;--awb-spacing-left-large:1.92%;--awb-width-medium:100%;--awb-order-medium:0;--awb-spacing-right-medium:1.92%;--awb-spacing-left-medium:1.92%;--awb-width-small:100%;--awb-order-small:0;--awb-spacing-right-small:1.92%;--awb-spacing-left-small:1.92%;\"><div class=\"fusion-column-wrapper fusion-column-has-shadow fusion-flex-justify-content-flex-start fusion-content-layout-column\"><div class=\"fusion-text fusion-text-1\" id=\"productos-ficha-titulo\"><p><a href=\"https:\/\/www.cocitur.com\/fr\/produits\/\">Productos<\/a> \/ <a href=\"https:\/\/www.cocitur.com\/fr\/produits\/portes-4-chants\/\">Portes 4 CHANTS<\/a> \/ <span id=\"titulo-modelo\">Stratifi\u00e9 anti-traces de doigts<\/span><\/p>\n<\/div><\/div><\/div><\/div><\/div><div class=\"fusion-fullwidth fullwidth-box fusion-builder-row-3 fusion-flex-container has-pattern-background has-mask-background nonhundred-percent-fullwidth non-hundred-percent-height-scrolling\" style=\"--awb-border-radius-top-left:0px;--awb-border-radius-top-right:0px;--awb-border-radius-bottom-right:0px;--awb-border-radius-bottom-left:0px;--awb-flex-wrap:wrap;\" ><div class=\"fusion-builder-row fusion-row fusion-flex-align-items-flex-start fusion-flex-content-wrap\" style=\"max-width:1248px;margin-left: calc(-4% \/ 2 );margin-right: calc(-4% \/ 2 );\"><div class=\"fusion-layout-column fusion_builder_column fusion-builder-column-2 fusion_builder_column_3_5 3_5 fusion-flex-column\" style=\"--awb-bg-size:cover;--awb-width-large:60%;--awb-margin-top-large:0px;--awb-spacing-right-large:3.2%;--awb-margin-bottom-large:20px;--awb-spacing-left-large:3.2%;--awb-width-medium:60%;--awb-order-medium:0;--awb-spacing-right-medium:3.2%;--awb-spacing-left-medium:3.2%;--awb-width-small:100%;--awb-order-small:0;--awb-spacing-right-small:1.92%;--awb-spacing-left-small:1.92%;\"><div class=\"fusion-column-wrapper fusion-column-has-shadow fusion-flex-justify-content-flex-start fusion-content-layout-column\"><div class=\"fusion-image-element \" style=\"--awb-caption-title-font-family:var(--h2_typography-font-family);--awb-caption-title-font-weight:var(--h2_typography-font-weight);--awb-caption-title-font-style:var(--h2_typography-font-style);--awb-caption-title-size:var(--h2_typography-font-size);--awb-caption-title-transform:var(--h2_typography-text-transform);--awb-caption-title-line-height:var(--h2_typography-line-height);--awb-caption-title-letter-spacing:var(--h2_typography-letter-spacing);\"><span class=\" fusion-imageframe imageframe-none imageframe-1 hover-type-none\"><img decoding=\"async\" width=\"800\" height=\"500\" title=\"laminado-antihuella\" src=\"https:\/\/www.cocitur.com\/wp-content\/uploads\/2023\/04\/laminado-antihuella.jpg\" alt class=\"img-responsive wp-image-1586\" srcset=\"https:\/\/www.cocitur.com\/wp-content\/uploads\/2023\/04\/laminado-antihuella-200x125.jpg 200w, https:\/\/www.cocitur.com\/wp-content\/uploads\/2023\/04\/laminado-antihuella-400x250.jpg 400w, https:\/\/www.cocitur.com\/wp-content\/uploads\/2023\/04\/laminado-antihuella-600x375.jpg 600w, https:\/\/www.cocitur.com\/wp-content\/uploads\/2023\/04\/laminado-antihuella.jpg 800w\" sizes=\"(max-width: 640px) 100vw, 800px\" \/><\/span><\/div><\/div><\/div><div class=\"fusion-layout-column fusion_builder_column fusion-builder-column-3 fusion_builder_column_2_5 2_5 fusion-flex-column\" style=\"--awb-bg-size:cover;--awb-width-large:40%;--awb-margin-top-large:0px;--awb-spacing-right-large:4.8%;--awb-margin-bottom-large:20px;--awb-spacing-left-large:4.8%;--awb-width-medium:40%;--awb-order-medium:0;--awb-spacing-right-medium:4.8%;--awb-spacing-left-medium:4.8%;--awb-width-small:100%;--awb-order-small:0;--awb-spacing-right-small:1.92%;--awb-spacing-left-small:1.92%;\"><div class=\"fusion-column-wrapper fusion-column-has-shadow fusion-flex-justify-content-flex-start fusion-content-layout-column\"><div class=\"fusion-text fusion-text-2\"><p>Nous pr\u00e9sentons une collection d&#39;unicolores unis avec une finition mate intense, en ligne avec les derni\u00e8res tendances minimalistes. Une gamme de designs qui peuvent \u00eatre combin\u00e9s entre eux et avec n&#39;importe quel autre design, en particulier avec le bois. Avec des propri\u00e9t\u00e9s anti-traces de doigts, un toucher velout\u00e9 et de faibles reflets.<\/p>\n<p>Caract\u00e9ristiques :<\/p>\n<ul>\n<li>Stratifi\u00e9 haute pression (HPL) d\u00e9coratif sur les deux faces dans la m\u00eame couleur.<\/li>\n<li>Support en agglom\u00e9r\u00e9.<\/li>\n<li>Film protecteur inclus dans le HPL anti-traces de doigts.<\/li>\n<li>Colle PUR recommand\u00e9e pour les projets les plus exigeants.<\/li>\n<\/ul>\n<\/div><\/div><\/div><\/div><\/div><div class=\"fusion-fullwidth fullwidth-box fusion-builder-row-4 fusion-flex-container has-pattern-background has-mask-background nonhundred-percent-fullwidth non-hundred-percent-height-scrolling\" style=\"--awb-border-radius-top-left:0px;--awb-border-radius-top-right:0px;--awb-border-radius-bottom-right:0px;--awb-border-radius-bottom-left:0px;--awb-flex-wrap:wrap;\" ><div class=\"fusion-builder-row fusion-row fusion-flex-align-items-flex-start fusion-flex-content-wrap\" style=\"max-width:1248px;margin-left: calc(-4% \/ 2 );margin-right: calc(-4% \/ 2 );\"><div class=\"fusion-layout-column fusion_builder_column fusion-builder-column-4 fusion_builder_column_1_1 1_1 fusion-flex-column\" style=\"--awb-bg-size:cover;--awb-width-large:100%;--awb-margin-top-large:30px;--awb-spacing-right-large:1.92%;--awb-margin-bottom-large:20px;--awb-spacing-left-large:1.92%;--awb-width-medium:100%;--awb-order-medium:0;--awb-spacing-right-medium:1.92%;--awb-spacing-left-medium:1.92%;--awb-width-small:100%;--awb-order-small:0;--awb-spacing-right-small:1.92%;--awb-spacing-left-small:1.92%;\"><div class=\"fusion-column-wrapper fusion-column-has-shadow fusion-flex-justify-content-flex-start fusion-content-layout-column\"><div class=\"fusion-title title fusion-title-1 fusion-sep-none fusion-title-text fusion-title-size-two productos-colores-grupo-titulo\" style=\"--awb-sep-color:#bbbbbb;\"><h2 class=\"fusion-title-heading title-heading-left\" style=\"margin:0;\">Finitions<\/h2><\/div><\/div><\/div><div class=\"fusion-layout-column fusion_builder_column fusion-builder-column-5 fusion_builder_column_1_5 1_5 fusion-flex-column\" style=\"--awb-bg-size:cover;--awb-width-large:20%;--awb-margin-top-large:0px;--awb-spacing-right-large:9.6%;--awb-margin-bottom-large:20px;--awb-spacing-left-large:9.6%;--awb-width-medium:20%;--awb-order-medium:0;--awb-spacing-right-medium:9.6%;--awb-spacing-left-medium:9.6%;--awb-width-small:100%;--awb-order-small:0;--awb-spacing-right-small:1.92%;--awb-spacing-left-small:1.92%;\"><div class=\"fusion-column-wrapper fusion-column-has-shadow fusion-flex-justify-content-flex-start fusion-content-layout-column\"><div class=\"fusion-image-element \" style=\"text-align:center;--awb-caption-title-font-family:var(--h2_typography-font-family);--awb-caption-title-font-weight:var(--h2_typography-font-weight);--awb-caption-title-font-style:var(--h2_typography-font-style);--awb-caption-title-size:var(--h2_typography-font-size);--awb-caption-title-transform:var(--h2_typography-text-transform);--awb-caption-title-line-height:var(--h2_typography-line-height);--awb-caption-title-letter-spacing:var(--h2_typography-letter-spacing);\"><span class=\" fusion-imageframe imageframe-none imageframe-2 hover-type-none\" style=\"border:1px solid #999999;\"><a href=\"https:\/\/www.cocitur.com\/wp-content\/uploads\/2023\/04\/ANTRACITA-R1006.jpg\" class=\"fusion-lightbox\" data-rel=\"iLightbox[colores_polilaminadas_brillo]\" data-title=\"ANTRACITA-R1006\" title=\"ANTRACITA-R1006\"><img decoding=\"async\" width=\"400\" height=\"400\" src=\"https:\/\/www.cocitur.com\/wp-content\/uploads\/2023\/04\/ANTRACITA-R1006.jpg\" alt class=\"img-responsive wp-image-1754\" srcset=\"https:\/\/www.cocitur.com\/wp-content\/uploads\/2023\/04\/ANTRACITA-R1006-200x200.jpg 200w, https:\/\/www.cocitur.com\/wp-content\/uploads\/2023\/04\/ANTRACITA-R1006.jpg 400w\" sizes=\"(max-width: 640px) 100vw, 200px\" \/><\/a><\/span><\/div><div class=\"fusion-text fusion-text-3 productos-colores-titulo\"><p>Antracita<\/p>\n<\/div><\/div><\/div><div class=\"fusion-layout-column fusion_builder_column fusion-builder-column-6 fusion_builder_column_1_5 1_5 fusion-flex-column\" style=\"--awb-bg-size:cover;--awb-width-large:20%;--awb-margin-top-large:0px;--awb-spacing-right-large:9.6%;--awb-margin-bottom-large:20px;--awb-spacing-left-large:9.6%;--awb-width-medium:20%;--awb-order-medium:0;--awb-spacing-right-medium:9.6%;--awb-spacing-left-medium:9.6%;--awb-width-small:100%;--awb-order-small:0;--awb-spacing-right-small:1.92%;--awb-spacing-left-small:1.92%;\"><div class=\"fusion-column-wrapper fusion-column-has-shadow fusion-flex-justify-content-flex-start fusion-content-layout-column\"><div class=\"fusion-image-element \" style=\"text-align:center;--awb-caption-title-font-family:var(--h2_typography-font-family);--awb-caption-title-font-weight:var(--h2_typography-font-weight);--awb-caption-title-font-style:var(--h2_typography-font-style);--awb-caption-title-size:var(--h2_typography-font-size);--awb-caption-title-transform:var(--h2_typography-text-transform);--awb-caption-title-line-height:var(--h2_typography-line-height);--awb-caption-title-letter-spacing:var(--h2_typography-letter-spacing);\"><span class=\" fusion-imageframe imageframe-none imageframe-3 hover-type-none\" style=\"border:1px solid #999999;\"><a href=\"https:\/\/www.cocitur.com\/wp-content\/uploads\/2023\/04\/ARENA-R1007.jpg\" class=\"fusion-lightbox\" data-rel=\"iLightbox[colores_polilaminadas_brillo]\" data-title=\"ARENA-R1007\" title=\"ARENA-R1007\"><img decoding=\"async\" width=\"400\" height=\"400\" src=\"https:\/\/www.cocitur.com\/wp-content\/uploads\/2023\/04\/ARENA-R1007.jpg\" alt class=\"img-responsive wp-image-1755\" srcset=\"https:\/\/www.cocitur.com\/wp-content\/uploads\/2023\/04\/ARENA-R1007-200x200.jpg 200w, https:\/\/www.cocitur.com\/wp-content\/uploads\/2023\/04\/ARENA-R1007.jpg 400w\" sizes=\"(max-width: 640px) 100vw, 200px\" \/><\/a><\/span><\/div><div class=\"fusion-text fusion-text-4 productos-colores-titulo\"><p>Arena<\/p>\n<\/div><\/div><\/div><div class=\"fusion-layout-column fusion_builder_column fusion-builder-column-7 fusion_builder_column_1_5 1_5 fusion-flex-column\" style=\"--awb-bg-size:cover;--awb-width-large:20%;--awb-margin-top-large:0px;--awb-spacing-right-large:9.6%;--awb-margin-bottom-large:20px;--awb-spacing-left-large:9.6%;--awb-width-medium:20%;--awb-order-medium:0;--awb-spacing-right-medium:9.6%;--awb-spacing-left-medium:9.6%;--awb-width-small:100%;--awb-order-small:0;--awb-spacing-right-small:1.92%;--awb-spacing-left-small:1.92%;\"><div class=\"fusion-column-wrapper fusion-column-has-shadow fusion-flex-justify-content-flex-start fusion-content-layout-column\"><div class=\"fusion-image-element \" style=\"text-align:center;--awb-caption-title-font-family:var(--h2_typography-font-family);--awb-caption-title-font-weight:var(--h2_typography-font-weight);--awb-caption-title-font-style:var(--h2_typography-font-style);--awb-caption-title-size:var(--h2_typography-font-size);--awb-caption-title-transform:var(--h2_typography-text-transform);--awb-caption-title-line-height:var(--h2_typography-line-height);--awb-caption-title-letter-spacing:var(--h2_typography-letter-spacing);\"><span class=\" fusion-imageframe imageframe-none imageframe-4 hover-type-none\" style=\"border:1px solid #999999;\"><a href=\"https:\/\/www.cocitur.com\/wp-content\/uploads\/2023\/04\/BLANCO-R1001.jpg\" class=\"fusion-lightbox\" data-rel=\"iLightbox[colores_polilaminadas_brillo]\" data-title=\"BLANCO-R1001\" title=\"BLANCO-R1001\"><img decoding=\"async\" width=\"400\" height=\"400\" src=\"https:\/\/www.cocitur.com\/wp-content\/uploads\/2023\/04\/BLANCO-R1001.jpg\" alt class=\"img-responsive wp-image-1756\" srcset=\"https:\/\/www.cocitur.com\/wp-content\/uploads\/2023\/04\/BLANCO-R1001-200x200.jpg 200w, https:\/\/www.cocitur.com\/wp-content\/uploads\/2023\/04\/BLANCO-R1001.jpg 400w\" sizes=\"(max-width: 640px) 100vw, 200px\" \/><\/a><\/span><\/div><div class=\"fusion-text fusion-text-5 productos-colores-titulo\"><p>Blanco<\/p>\n<\/div><\/div><\/div><div class=\"fusion-layout-column fusion_builder_column fusion-builder-column-8 fusion_builder_column_1_5 1_5 fusion-flex-column\" style=\"--awb-bg-size:cover;--awb-width-large:20%;--awb-margin-top-large:0px;--awb-spacing-right-large:9.6%;--awb-margin-bottom-large:20px;--awb-spacing-left-large:9.6%;--awb-width-medium:20%;--awb-order-medium:0;--awb-spacing-right-medium:9.6%;--awb-spacing-left-medium:9.6%;--awb-width-small:100%;--awb-order-small:0;--awb-spacing-right-small:1.92%;--awb-spacing-left-small:1.92%;\"><div class=\"fusion-column-wrapper fusion-column-has-shadow fusion-flex-justify-content-flex-start fusion-content-layout-column\"><div class=\"fusion-image-element \" style=\"text-align:center;--awb-caption-title-font-family:var(--h2_typography-font-family);--awb-caption-title-font-weight:var(--h2_typography-font-weight);--awb-caption-title-font-style:var(--h2_typography-font-style);--awb-caption-title-size:var(--h2_typography-font-size);--awb-caption-title-transform:var(--h2_typography-text-transform);--awb-caption-title-line-height:var(--h2_typography-line-height);--awb-caption-title-letter-spacing:var(--h2_typography-letter-spacing);\"><span class=\" fusion-imageframe imageframe-none imageframe-5 hover-type-none\" style=\"border:1px solid #999999;\"><a href=\"https:\/\/www.cocitur.com\/wp-content\/uploads\/2023\/04\/BROMO-R1002.jpg\" class=\"fusion-lightbox\" data-rel=\"iLightbox[colores_polilaminadas_brillo]\" data-title=\"BROMO-R1002\" title=\"BROMO-R1002\"><img decoding=\"async\" width=\"400\" height=\"400\" src=\"https:\/\/www.cocitur.com\/wp-content\/uploads\/2023\/04\/BROMO-R1002.jpg\" alt class=\"img-responsive wp-image-1757\" srcset=\"https:\/\/www.cocitur.com\/wp-content\/uploads\/2023\/04\/BROMO-R1002-200x200.jpg 200w, https:\/\/www.cocitur.com\/wp-content\/uploads\/2023\/04\/BROMO-R1002.jpg 400w\" sizes=\"(max-width: 640px) 100vw, 200px\" \/><\/a><\/span><\/div><div class=\"fusion-text fusion-text-6 productos-colores-titulo\"><p>Bromo<\/p>\n<\/div><\/div><\/div><div class=\"fusion-layout-column fusion_builder_column fusion-builder-column-9 fusion_builder_column_1_5 1_5 fusion-flex-column\" style=\"--awb-bg-size:cover;--awb-width-large:20%;--awb-margin-top-large:0px;--awb-spacing-right-large:9.6%;--awb-margin-bottom-large:20px;--awb-spacing-left-large:9.6%;--awb-width-medium:20%;--awb-order-medium:0;--awb-spacing-right-medium:9.6%;--awb-spacing-left-medium:9.6%;--awb-width-small:100%;--awb-order-small:0;--awb-spacing-right-small:1.92%;--awb-spacing-left-small:1.92%;\"><div class=\"fusion-column-wrapper fusion-column-has-shadow fusion-flex-justify-content-flex-start fusion-content-layout-column\"><div class=\"fusion-image-element \" style=\"text-align:center;--awb-caption-title-font-family:var(--h2_typography-font-family);--awb-caption-title-font-weight:var(--h2_typography-font-weight);--awb-caption-title-font-style:var(--h2_typography-font-style);--awb-caption-title-size:var(--h2_typography-font-size);--awb-caption-title-transform:var(--h2_typography-text-transform);--awb-caption-title-line-height:var(--h2_typography-line-height);--awb-caption-title-letter-spacing:var(--h2_typography-letter-spacing);\"><span class=\" fusion-imageframe imageframe-none imageframe-6 hover-type-none\" style=\"border:1px solid #999999;\"><a href=\"https:\/\/www.cocitur.com\/wp-content\/uploads\/2023\/04\/GRIS-R1008.jpg\" class=\"fusion-lightbox\" data-rel=\"iLightbox[colores_polilaminadas_brillo]\" data-title=\"GRIS-R1008\" title=\"GRIS-R1008\"><img decoding=\"async\" width=\"400\" height=\"400\" src=\"https:\/\/www.cocitur.com\/wp-content\/uploads\/2023\/04\/GRIS-R1008.jpg\" alt class=\"img-responsive wp-image-1758\" srcset=\"https:\/\/www.cocitur.com\/wp-content\/uploads\/2023\/04\/GRIS-R1008-200x200.jpg 200w, https:\/\/www.cocitur.com\/wp-content\/uploads\/2023\/04\/GRIS-R1008.jpg 400w\" sizes=\"(max-width: 640px) 100vw, 200px\" \/><\/a><\/span><\/div><div class=\"fusion-text fusion-text-7 productos-colores-titulo\"><p>Gris<\/p>\n<\/div><\/div><\/div><div class=\"fusion-layout-column fusion_builder_column fusion-builder-column-10 fusion_builder_column_1_5 1_5 fusion-flex-column\" style=\"--awb-bg-size:cover;--awb-width-large:20%;--awb-margin-top-large:0px;--awb-spacing-right-large:9.6%;--awb-margin-bottom-large:20px;--awb-spacing-left-large:9.6%;--awb-width-medium:20%;--awb-order-medium:0;--awb-spacing-right-medium:9.6%;--awb-spacing-left-medium:9.6%;--awb-width-small:100%;--awb-order-small:0;--awb-spacing-right-small:1.92%;--awb-spacing-left-small:1.92%;\"><div class=\"fusion-column-wrapper fusion-column-has-shadow fusion-flex-justify-content-flex-start fusion-content-layout-column\"><div class=\"fusion-image-element \" style=\"text-align:center;--awb-caption-title-font-family:var(--h2_typography-font-family);--awb-caption-title-font-weight:var(--h2_typography-font-weight);--awb-caption-title-font-style:var(--h2_typography-font-style);--awb-caption-title-size:var(--h2_typography-font-size);--awb-caption-title-transform:var(--h2_typography-text-transform);--awb-caption-title-line-height:var(--h2_typography-line-height);--awb-caption-title-letter-spacing:var(--h2_typography-letter-spacing);\"><span class=\" fusion-imageframe imageframe-none imageframe-7 hover-type-none\" style=\"border:1px solid #999999;\"><a href=\"https:\/\/www.cocitur.com\/wp-content\/uploads\/2023\/04\/NEGRO-R1004.jpg\" class=\"fusion-lightbox\" data-rel=\"iLightbox[colores_polilaminadas_brillo]\" data-title=\"NEGRO-R1004\" title=\"NEGRO-R1004\"><img decoding=\"async\" width=\"400\" height=\"400\" src=\"https:\/\/www.cocitur.com\/wp-content\/uploads\/2023\/04\/NEGRO-R1004.jpg\" alt class=\"img-responsive wp-image-1759\" srcset=\"https:\/\/www.cocitur.com\/wp-content\/uploads\/2023\/04\/NEGRO-R1004-200x200.jpg 200w, https:\/\/www.cocitur.com\/wp-content\/uploads\/2023\/04\/NEGRO-R1004.jpg 400w\" sizes=\"(max-width: 640px) 100vw, 200px\" \/><\/a><\/span><\/div><div class=\"fusion-text fusion-text-8 productos-colores-titulo\"><p>Negro<\/p>\n<\/div><\/div><\/div><\/div><\/div><\/p>\n","protected":false},"excerpt":{"rendered":"","protected":false},"author":3,"featured_media":0,"parent":1863,"menu_order":0,"comment_status":"closed","ping_status":"closed","template":"100-width.php","meta":{"footnotes":""},"class_list":["post-1879","page","type-page","status-publish","hentry"],"_links":{"self":[{"href":"https:\/\/www.cocitur.com\/fr\/wp-json\/wp\/v2\/pages\/1879","targetHints":{"allow":["GET"]}}],"collection":[{"href":"https:\/\/www.cocitur.com\/fr\/wp-json\/wp\/v2\/pages"}],"about":[{"href":"https:\/\/www.cocitur.com\/fr\/wp-json\/wp\/v2\/types\/page"}],"author":[{"embeddable":true,"href":"https:\/\/www.cocitur.com\/fr\/wp-json\/wp\/v2\/users\/3"}],"replies":[{"embeddable":true,"href":"https:\/\/www.cocitur.com\/fr\/wp-json\/wp\/v2\/comments?post=1879"}],"version-history":[{"count":1,"href":"https:\/\/www.cocitur.com\/fr\/wp-json\/wp\/v2\/pages\/1879\/revisions"}],"predecessor-version":[{"id":1880,"href":"https:\/\/www.cocitur.com\/fr\/wp-json\/wp\/v2\/pages\/1879\/revisions\/1880"}],"up":[{"embeddable":true,"href":"https:\/\/www.cocitur.com\/fr\/wp-json\/wp\/v2\/pages\/1863"}],"wp:attachment":[{"href":"https:\/\/www.cocitur.com\/fr\/wp-json\/wp\/v2\/media?parent=1879"}],"curies":[{"name":"wp","href":"https:\/\/api.w.org\/{rel}","templated":true}]}}